{"id":443,"date":"2021-06-24T21:33:54","date_gmt":"2021-06-24T19:33:54","guid":{"rendered":"http:\/\/schlagfertig-nord.de\/cms\/?page_id=443"},"modified":"2021-06-24T21:37:26","modified_gmt":"2021-06-24T19:37:26","slug":"impressum","status":"publish","type":"page","link":"https:\/\/schlagfertig-nord.de\/?page_id=443","title":{"rendered":"Impressum"},"content":{"rendered":"\t\t<div data-elementor-type=\"wp-page\" data-elementor-id=\"443\" class=\"elementor elementor-443\" data-elementor-settings=\"[]\">\n\t\t\t\t\t\t\t<div class=\"elementor-section-wrap\">\n\t\t\t\t\t\t\t<section class=\"elementor-section elementor-top-section elementor-element elementor-element-6eedf91 elementor-section-boxed elementor-section-height-default elementor-section-height-default\" data-id=\"6eedf91\" data-element_type=\"section\">\n\t\t\t\t\t\t<div class=\"elementor-container elementor-column-gap-default\">\n\t\t\t\t\t<div class=\"elementor-column elementor-col-100 elementor-top-column elementor-element elementor-element-997ee77\" data-id=\"997ee77\" data-element_type=\"column\">\n\t\t\t<div class=\"elementor-widget-wrap elementor-element-populated\">\n\t\t\t\t\t\t\t\t<div class=\"elementor-element elementor-element-4260d3d elementor-widget elementor-widget-text-editor\" data-id=\"4260d3d\" data-element_type=\"widget\" data-widget_type=\"text-editor.default\">\n\t\t\t\t<div class=\"elementor-widget-container\">\n\t\t\t\t\t\t\t<p>Schlagfertig GbR<br \/>Adlerstra\u00dfe 13 | 23812 Wahlstedt<br \/>Telefon 04554 \/ 705579<br \/>Telefax 04191 \/ 910307<br \/>Ansprechpartner:<br \/>Hauke Schmalz<br \/>Mobil: 0179 \/ 2 35 99 90<br \/>E-Mail: hauke.schmalz@schlagfertig-nord.de<\/p><p>1. Inhalt des Onlineangebotes<br \/>Die vom Webseitenbetreiber ver\u00f6ffentlichten Informationen, Adressen und Bilder sind mit gr\u00f6\u00dfter Sorgfalt recherchiert. Dennoch kann f\u00fcr die Richtigkeit keine Gew\u00e4hr \u00fcbernommen werden. Die Informationen und Bilder dienen ausschlie\u00dflich zur pers\u00f6nlichen Information des Nutzers. Kein Teil dieser Publikation darf ohne ausdr\u00fcckliche schriftliche Genehmigung des Herausgebers in irgendeiner Form reproduziert oder unter Verwendung elektronischer Systeme verarbeitet, vervielf\u00e4ltigt oder verbreitet werden. Waren- und Firmennamen werden ohne Gew\u00e4hrleistung einer freien Verwendung benutzt. Der Webseitenbetreiber beh\u00e4lt es sich ausdr\u00fccklich vor, Seiten oder einzelne Angebote oder das gesamte Angebot ohne gesonderte Ank\u00fcndigung zu ver\u00e4ndern, zu l\u00f6schen oder die Ver\u00f6ffentlichung zeitweise oder endg\u00fcltig einzustellen. Die Dokumente\/Informationen k\u00f6nnen durch aktuelle Entwicklungen \u00fcberholt sein, ohne dass die bereitgestellten Dokumente\/Informationen ge\u00e4ndert wurden. Alle Angebote sind freibleibend und unverbindlich.<\/p><p>2. Urheber und Nutzungsrecht<br \/>Die Web-Seiten, ihre Programmierung, Inhalte, Gestaltung und Struktur unterliegen urheber-, marken- und wettbewerbsrechtlichen Schutzrechten. Urheberrechtshinweise und Markenbezeichnungen d\u00fcrfen weder ver\u00e4ndert noch beseitigt werden. Eine Vervielf\u00e4ltigung, Verbreitung, Bereithaltung zum Abruf oder Online . Zug\u00e4nglichmachung (\u00dcbernahme in andere Webseite) unserer Webseiten, des Layouts der Webseiten, ihrer Inhalte (Texte, Bilder, Programme) ganz oder teilweise, in ver\u00e4nderter oder unver\u00e4nderter Form ist nur nach vorheriger schriftlicher Zustimmung vom Webseitenbetreiber zul\u00e4ssig. Lediglich die nicht-kommerzielle private Nutzung ist in den Grenzen des Urheberrechtsgesetzes zul\u00e4ssig.<\/p><p>3. Datenschutz<br \/>Die vom Webseitenbetreiber genutzten Webserver stehen an einem deutschen Standort. Die Server und die Daten werden durch eine Firewall vor unbefugtem Zugriff oder Ver\u00e4nderung gesch\u00fctzt. Sofern Sie \u00fcber das Internetangebot pers\u00f6nliche Daten mitteilen, werden diese mit \u00fcblicher Sorgfalt und entsprechend der datenschutzrechtlichen Bestimmungen behandelt. Eine dauerhafte Speicherung, Auswertung oder Weitergabe an Dritte erfolgt nicht. Daten, Anfragen oder Informationen, die Sie \u00fcber Kontaktformulare an den Werbseitenbetreiber senden, werden direkt per Email und \/ oder per Fax weitergeleitet. Zu diesem Zweck werden Ihre Daten \/ Nachrichten auf unserem Server zwischengespeichert. Nach Weiterleitung der Nachricht werden die Daten gel\u00f6scht. Eine Nutzung zu einem andern Zweck oder eine Datenweitergabe an Dritte findet ohne Ihre Zustimmung nicht statt. Bitte beachten Sie, dass wir Ihnen aus technischen Gr\u00fcnden keine gesicherte (verschl\u00fcsselte) \u00dcbertragung Ihrer Nachrichten anbieten k\u00f6nnen. Bei vertraulichen Nachrichten verwenden Sie zu Ihrer Sicherheit bitte den Postweg.<\/p><p>4. Verweise und Links<br \/>Inhalte von Internetseiten, die von dieser Seite aus verlinkt wurden, k\u00f6nnen Sich \u00e4ndern, ohne dass der Webseitenbetreiber davon Kenntnis erh\u00e4lt. Von Inhalten und Gestaltungen von \u00fcber Links zu erreichenden Seiten, die nach der Linksetzung ver\u00e4ndert wurden distanzieren wir uns daher ausdr\u00fccklich und lehnen jede Verantwortung ab, sollten diese gegen Gesetze \/ Rechtsvorschriften oder \u00e4hnliches versto\u00dfen. Die Meinung von verlinkten Seiten kann, muss aber nicht unsere Meinung darstellen, selbst dann nicht, wenn diese allen Gesetzen und Vorschriften gen\u00fcge tun.<\/p>\t\t\t\t\t\t<\/div>\n\t\t\t\t<\/div>\n\t\t\t\t\t<\/div>\n\t\t<\/div>\n\t\t\t\t\t\t\t<\/div>\n\t\t<\/section>\n\t\t\t\t\t\t<\/div>\n\t\t\t\t\t<\/div>\n\t\t","protected":false},"excerpt":{"rendered":"<p>Schlagfertig GbRAdlerstra\u00dfe 13 | 23812 WahlstedtTelefon 04554 \/ 705579Telefax 04191 \/ 910307Ansprechpartner:Hauke SchmalzMobil: 0179 \/ 2 35 99 90E-Mail: hauke.schmalz@schlagfertig-nord.de 1. Inhalt des OnlineangebotesDie vom Webseitenbetreiber ver\u00f6ffentlichten Informationen, Adressen und Bilder sind mit gr\u00f6\u00dfter Sorgfalt recherchiert. Dennoch kann f\u00fcr die Richtigkeit keine Gew\u00e4hr \u00fcbernommen werden. Die Informationen und Bilder dienen ausschlie\u00dflich zur pers\u00f6nlichen Information des&hellip;<\/p>\n","protected":false},"author":1,"featured_media":0,"parent":0,"menu_order":0,"comment_status":"closed","ping_status":"closed","template":"","meta":{"footnotes":""},"class_list":["post-443","page","type-page","status-publish","hentry"],"_links":{"self":[{"href":"https:\/\/schlagfertig-nord.de\/index.php?rest_route=\/wp\/v2\/pages\/443","targetHints":{"allow":["GET"]}}],"collection":[{"href":"https:\/\/schlagfertig-nord.de\/index.php?rest_route=\/wp\/v2\/pages"}],"about":[{"href":"https:\/\/schlagfertig-nord.de\/index.php?rest_route=\/wp\/v2\/types\/page"}],"author":[{"embeddable":true,"href":"https:\/\/schlagfertig-nord.de\/index.php?rest_route=\/wp\/v2\/users\/1"}],"replies":[{"embeddable":true,"href":"https:\/\/schlagfertig-nord.de\/index.php?rest_route=%2Fwp%2Fv2%2Fcomments&post=443"}],"version-history":[{"count":8,"href":"https:\/\/schlagfertig-nord.de\/index.php?rest_route=\/wp\/v2\/pages\/443\/revisions"}],"predecessor-version":[{"id":456,"href":"https:\/\/schlagfertig-nord.de\/index.php?rest_route=\/wp\/v2\/pages\/443\/revisions\/456"}],"wp:attachment":[{"href":"https:\/\/schlagfertig-nord.de\/index.php?rest_route=%2Fwp%2Fv2%2Fmedia&parent=443"}],"curies":[{"name":"wp","href":"https:\/\/api.w.org\/{rel}","templated":true}]}}