{"id":395,"date":"2021-06-12T10:33:11","date_gmt":"2021-06-12T08:33:11","guid":{"rendered":"http:\/\/schlagfertig-nord.de\/cms\/?page_id=395"},"modified":"2021-06-12T11:08:05","modified_gmt":"2021-06-12T09:08:05","slug":"kkg","status":"publish","type":"page","link":"https:\/\/schlagfertig-nord.de\/?page_id=395","title":{"rendered":"Krisen-, Konflikt- und Gewaltberatung"},"content":{"rendered":"\t\t<div data-elementor-type=\"wp-page\" data-elementor-id=\"395\" class=\"elementor elementor-395\" data-elementor-settings=\"[]\">\n\t\t\t\t\t\t\t<div class=\"elementor-section-wrap\">\n\t\t\t\t\t\t\t<section class=\"elementor-section elementor-top-section elementor-element elementor-element-d8f43d7 elementor-section-boxed elementor-section-height-default elementor-section-height-default\" data-id=\"d8f43d7\" data-element_type=\"section\">\n\t\t\t\t\t\t<div class=\"elementor-container elementor-column-gap-default\">\n\t\t\t\t\t<div class=\"elementor-column elementor-col-100 elementor-top-column elementor-element elementor-element-af7a40b\" data-id=\"af7a40b\" data-element_type=\"column\">\n\t\t\t<div class=\"elementor-widget-wrap elementor-element-populated\">\n\t\t\t\t\t\t\t\t<div class=\"elementor-element elementor-element-1448126 elementor-widget elementor-widget-text-editor\" data-id=\"1448126\" data-element_type=\"widget\" data-widget_type=\"text-editor.default\">\n\t\t\t\t<div class=\"elementor-widget-container\">\n\t\t\t\t\t\t\t<p><b>Krisen-, Konflikt- und Gewaltberatung nach dem Hamburger Modell (GHM)\u00ae<\/b><\/p><p>Das Konzept setzt eine Ressourcen- und Lebensweltorientierte Sichtweise voraus. Es basiert auf der wertsch\u00e4tzenden Haltung gegen\u00fcber dem Adressaten\/ -tin. Einhergehend ist damit dennoch eine klare und eindeutige Ablehnung und Verurteilung seines oder ihres gewaltt\u00e4tigen Handelns. So wird jeder Adressat\/ Adressatin als Gesamtpers\u00f6nlichkeit betrachtet, sowohl mit der vorhandenen Gewaltt\u00e4tigkeit, als auch mit allen positiven Ressourcen.<span class=\"Apple-converted-space\">\u00a0<\/span><\/p><p>Die Beratung der Adressaten erfolgt auf Grundlage des bew\u00e4hrten Hamburger Modells (GHM)\u00ae und wirkt sich nicht nur auf die unmittelbare Gewaltbereitschaft des\/ der zu Beratenden aus, sondern zus\u00e4tzlich auf die Entwicklung seiner\/ ihrer Gesamtpers\u00f6nlichkeit. Die Eigenverantwortlichkeit der Zielgruppe wird in der Struktur der Beratung nicht nur unterst\u00fctzt, sondern in G\u00e4nze bei dem Adressaten\/ -tin belassen.<\/p><p>Selbstbewusstsein durch Selbstwahrnehmung, motivationsf\u00f6rdernde Eigenverantwortung und erworbene Konfliktkompetenz machen aus den M\u00e4dchen und Jungen, beziehungsweise Frauen und M\u00e4nnern, beziehungsf\u00e4hige Pers\u00f6nlichkeiten.<\/p><p><b>Die Zielgruppen des Beratungsangebots sind,<\/b><\/p><ul><li>M\u00e4dchen und Jungen, Frauen und M\u00e4nner in Krisensituationen,<\/li><li>weibliche und m\u00e4nnliche Gewaltopfer,<\/li><li>weibliche und m\u00e4nnliche Gewaltt\u00e4ter,<\/li><\/ul><p>Ausgeschlossen von diesem Angebot sind T\u00e4terinnen und T\u00e4ter, die sexualisierte Gewalt aus\u00fcben, sowie schwer drogenabh\u00e4ngige und geistig beeintr\u00e4chtigte Gewaltt\u00e4terinnen und Gewaltt\u00e4ter.<\/p><p><b>St\u00fctzen unserer Beratung<\/b><\/p><p>Der Ansatz ist, Menschen die durch uns beraten und begleitet werden dahingehend zu unterst\u00fctzen,<\/p><ul><li>sich selbst dar\u00fcber bewusst zu werden, welche Auswirkungen ihr zum Teil gewaltt\u00e4tiges Verhalten f\u00fcr sie selbst und f\u00fcr ihr Lebensumfeld hat,<\/li><li>herauszufinden, in welchen Identit\u00e4ts- und Lebensbereichen sie wirklich Krisen hatten oder haben und welche L\u00f6sungsressourcen ihnen zur Verf\u00fcgung stehen,<\/li><li>mit dem ganzen Spektrum ihrer Emotionalit\u00e4t in Kontakt zu treten und diese zum Ausdruck zu bringen.<\/li><\/ul><p><b>Die Inhalte und Vorgehensweise in der Beratung kann unter anderem sein,<\/b><\/p><ul><li>m\u00e4nnlicher \u2013 und weiblicher Gewaltkreislauf (Hamburger Modell (GHM)\u00ae),<\/li><li>Eskalation- und Deeskalation von Konflikten,<\/li><li>Kriseninterventionen,<\/li><li>Selbsterfahrung,<\/li><li>Selbst- und Fremdwahrnehmung,<\/li><li>Opferorientierte \u2013 und T\u00e4terInnenorientierte Intervention,<\/li><li>das Arbeiten an den geschlechtstypischen Bewertungen von Gef\u00fchlen,<\/li><li>die begangenen Gewalttaten werden individuell, jedoch ohne Blo\u00dfstellung des Adressaten oder des T\u00e4ters beziehungsweise der T\u00e4terin reflektiert,<\/li><li>die Individuellen gendertypischen, auf der Sozialisation beruhenden Gewaltursachen werden erarbeitet und herausgefiltert,<\/li><li>Auseinandersetzung mit der geschlechtstypischen Bewertung und Abwehr von Gef\u00fchlen,<\/li><li>die Gewaltausl\u00f6senden Stress-, Krisen sowie Eskalationsmuster werden individuell erkannt und Entlastungstechniken erarbeitet. Basierend auf den Individuellen St\u00e4rken und Ressourcen des Adressaten werden Deeskalationsstrategien entwickelt,<\/li><li>Ph\u00e4nomenologischer Ansatz (Hamburger Modell (GHM)\u00ae),<\/li><\/ul><p>und weitere Inhaltsschwerpunkte.<\/p><p><b>Das Ziel des Beratungsangebots ist es,<\/b><\/p><p>dass sich M\u00e4dchen und Jungen, heranwachsende Frauen und M\u00e4nner, sowie erwachsene Frauen und M\u00e4nner f\u00fcr ein Leben ohne Gewalt entscheiden und sich individuelle Handlungsalternativen erarbeiten und aneignen.<span class=\"Apple-converted-space\">\u00a0<\/span><\/p><p>In der Beratung lernen sie ihre eigenen Grenzen und Bed\u00fcrfnisse wahrzunehmen und die Grenzen anderer zu respektieren. Sie erfahren, wie es ist, sich selbst und andere wertzusch\u00e4tzen. Meine Adressaten haben die M\u00f6glichkeit selbstbewusster zu werden, weil ich ihren Gef\u00fchlen ausreichend Platz gebe.<\/p><p>Der Adressat kann zuk\u00fcnftig sein eigenes Gewalthandeln reflektieren, Verantwortung f\u00fcr sein Handeln und Verhalten \u00fcbernehmen und f\u00fcr sich alternative Verhaltensmuster entwickeln.<\/p><p><b>Hauke Schmalz &#8211;\u00a0<\/b>Schlagfertig GbR<\/p>\t\t\t\t\t\t<\/div>\n\t\t\t\t<\/div>\n\t\t\t\t\t<\/div>\n\t\t<\/div>\n\t\t\t\t\t\t\t<\/div>\n\t\t<\/section>\n\t\t\t\t\t\t<\/div>\n\t\t\t\t\t<\/div>\n\t\t","protected":false},"excerpt":{"rendered":"<p>Krisen-, Konflikt- und Gewaltberatung nach dem Hamburger Modell (GHM)\u00ae Das Konzept setzt eine Ressourcen- und Lebensweltorientierte Sichtweise voraus. Es basiert auf der wertsch\u00e4tzenden Haltung gegen\u00fcber dem Adressaten\/ -tin. Einhergehend ist damit dennoch eine klare und eindeutige Ablehnung und Verurteilung seines oder ihres gewaltt\u00e4tigen Handelns. So wird jeder Adressat\/ Adressatin als Gesamtpers\u00f6nlichkeit betrachtet, sowohl mit der&hellip;<\/p>\n","protected":false},"author":1,"featured_media":0,"parent":0,"menu_order":0,"comment_status":"closed","ping_status":"closed","template":"elementor_theme","meta":{"footnotes":""},"class_list":["post-395","page","type-page","status-publish","hentry"],"_links":{"self":[{"href":"https:\/\/schlagfertig-nord.de\/index.php?rest_route=\/wp\/v2\/pages\/395","targetHints":{"allow":["GET"]}}],"collection":[{"href":"https:\/\/schlagfertig-nord.de\/index.php?rest_route=\/wp\/v2\/pages"}],"about":[{"href":"https:\/\/schlagfertig-nord.de\/index.php?rest_route=\/wp\/v2\/types\/page"}],"author":[{"embeddable":true,"href":"https:\/\/schlagfertig-nord.de\/index.php?rest_route=\/wp\/v2\/users\/1"}],"replies":[{"embeddable":true,"href":"https:\/\/schlagfertig-nord.de\/index.php?rest_route=%2Fwp%2Fv2%2Fcomments&post=395"}],"version-history":[{"count":15,"href":"https:\/\/schlagfertig-nord.de\/index.php?rest_route=\/wp\/v2\/pages\/395\/revisions"}],"predecessor-version":[{"id":437,"href":"https:\/\/schlagfertig-nord.de\/index.php?rest_route=\/wp\/v2\/pages\/395\/revisions\/437"}],"wp:attachment":[{"href":"https:\/\/schlagfertig-nord.de\/index.php?rest_route=%2Fwp%2Fv2%2Fmedia&parent=395"}],"curies":[{"name":"wp","href":"https:\/\/api.w.org\/{rel}","templated":true}]}}