{"id":381,"date":"2021-06-12T10:30:14","date_gmt":"2021-06-12T08:30:14","guid":{"rendered":"http:\/\/schlagfertig-nord.de\/cms\/?page_id=381"},"modified":"2021-06-12T10:30:52","modified_gmt":"2021-06-12T08:30:52","slug":"jugendgruppe","status":"publish","type":"page","link":"https:\/\/schlagfertig-nord.de\/?page_id=381","title":{"rendered":"JUGENDGRUPPE"},"content":{"rendered":"\t\t<div data-elementor-type=\"wp-page\" data-elementor-id=\"381\" class=\"elementor elementor-381\" data-elementor-settings=\"[]\">\n\t\t\t\t\t\t\t<div class=\"elementor-section-wrap\">\n\t\t\t\t\t\t\t<section class=\"elementor-section elementor-top-section elementor-element elementor-element-540208b elementor-section-boxed elementor-section-height-default elementor-section-height-default\" data-id=\"540208b\" data-element_type=\"section\">\n\t\t\t\t\t\t<div class=\"elementor-container elementor-column-gap-default\">\n\t\t\t\t\t<div class=\"elementor-column elementor-col-100 elementor-top-column elementor-element elementor-element-a23a992\" data-id=\"a23a992\" data-element_type=\"column\">\n\t\t\t<div class=\"elementor-widget-wrap elementor-element-populated\">\n\t\t\t\t\t\t\t\t<div class=\"elementor-element elementor-element-3604a09 elementor-widget elementor-widget-text-editor\" data-id=\"3604a09\" data-element_type=\"widget\" data-widget_type=\"text-editor.default\">\n\t\t\t\t<div class=\"elementor-widget-container\">\n\t\t\t\t\t\t\t<p><b>Konzept \u201eJungengruppe\u201c f\u00fcr den Sozialraum Wahlstedt\/Segeberg<\/b><\/p><p><b>Ausgangssituation:<\/b><\/p><p>Basierend auf den Erfahrungen<span class=\"Apple-converted-space\">\u00a0 <\/span>aus der mehr j\u00e4hrigen Jungenarbeit, wurde die Idee f\u00fcr eine Jungengruppe f\u00fcr den Sozialraum Wahlstedt entwickelt und konzipiert. In der langj\u00e4hrigen Arbeit mit Kindern und Jugendlichen ist der Bedarf nach einen regelm\u00e4\u00dfigen, w\u00f6chentliches Gruppenangebot besonders f\u00fcr Jungen immer gr\u00f6\u00dfer geworden. Viele Jungen haben Schwierigkeiten in der Schule und auch in ihrer Freizeit Anschluss bei Gleichaltrige zu finden. Um diesen Kinder ein verl\u00e4ssliches Angebot zu schaffen und sie f\u00fcr den Alltag zu st\u00e4rken, indem sie lernen in einer Gruppe zu bestehen und sich mitzuteilen wurde das Angebot der Jungengruppe ins Leben gerufen.<\/p><p><b>Ziel und Durchf\u00fchrung:<\/b><\/p><p>So stehen Niedrigschwelligkeit, eine schneller und unproblematischer Zugang zur Teilnahme an der Gruppe im Vordergrund. Thematische Ausschlusskriterien gibt es nicht, wohl aber eine Altersbegrenzung (6 \u2013 14Jahre).<\/p><p>Ziel ist es, so eine relativ schnelle und tragf\u00e4hige<span class=\"Apple-converted-space\">\u00a0 <\/span>Anbindung an die Gruppe zu erreichen, um so die h\u00e4ufig instabilen Lebenssituationen der Teilnehmerinnen zu entspannen.<\/p><p>Neben dem laufenden Angebot (auf Wunsch 1 Mal w\u00f6chentlich a 4 Stunden) werden zuk\u00fcnftig, von den aktuellen Teilnehmern selbstbestimmt, Themen regelhaft besprochen und bearbeitet.<\/p>\t\t\t\t\t\t<\/div>\n\t\t\t\t<\/div>\n\t\t\t\t\t<\/div>\n\t\t<\/div>\n\t\t\t\t\t\t\t<\/div>\n\t\t<\/section>\n\t\t\t\t\t\t<\/div>\n\t\t\t\t\t<\/div>\n\t\t","protected":false},"excerpt":{"rendered":"<p>Konzept \u201eJungengruppe\u201c f\u00fcr den Sozialraum Wahlstedt\/Segeberg Ausgangssituation: Basierend auf den Erfahrungen&nbsp; aus der mehr j\u00e4hrigen Jungenarbeit, wurde die Idee f\u00fcr eine Jungengruppe f\u00fcr den Sozialraum Wahlstedt entwickelt und konzipiert. In der langj\u00e4hrigen Arbeit mit Kindern und Jugendlichen ist der Bedarf nach einen regelm\u00e4\u00dfigen, w\u00f6chentliches Gruppenangebot besonders f\u00fcr Jungen immer gr\u00f6\u00dfer geworden. Viele Jungen haben Schwierigkeiten&hellip;<\/p>\n","protected":false},"author":1,"featured_media":0,"parent":0,"menu_order":0,"comment_status":"closed","ping_status":"closed","template":"elementor_theme","meta":{"footnotes":""},"class_list":["post-381","page","type-page","status-publish","hentry"],"_links":{"self":[{"href":"https:\/\/schlagfertig-nord.de\/index.php?rest_route=\/wp\/v2\/pages\/381","targetHints":{"allow":["GET"]}}],"collection":[{"href":"https:\/\/schlagfertig-nord.de\/index.php?rest_route=\/wp\/v2\/pages"}],"about":[{"href":"https:\/\/schlagfertig-nord.de\/index.php?rest_route=\/wp\/v2\/types\/page"}],"author":[{"embeddable":true,"href":"https:\/\/schlagfertig-nord.de\/index.php?rest_route=\/wp\/v2\/users\/1"}],"replies":[{"embeddable":true,"href":"https:\/\/schlagfertig-nord.de\/index.php?rest_route=%2Fwp%2Fv2%2Fcomments&post=381"}],"version-history":[{"count":5,"href":"https:\/\/schlagfertig-nord.de\/index.php?rest_route=\/wp\/v2\/pages\/381\/revisions"}],"predecessor-version":[{"id":386,"href":"https:\/\/schlagfertig-nord.de\/index.php?rest_route=\/wp\/v2\/pages\/381\/revisions\/386"}],"wp:attachment":[{"href":"https:\/\/schlagfertig-nord.de\/index.php?rest_route=%2Fwp%2Fv2%2Fmedia&parent=381"}],"curies":[{"name":"wp","href":"https:\/\/api.w.org\/{rel}","templated":true}]}}