{"id":3,"date":"2021-05-28T09:26:51","date_gmt":"2021-05-28T07:26:51","guid":{"rendered":"http:\/\/schlagfertig-nord.de\/cms\/?page_id=3"},"modified":"2021-06-24T21:37:09","modified_gmt":"2021-06-24T19:37:09","slug":"datenschutzerklaerung","status":"publish","type":"page","link":"https:\/\/schlagfertig-nord.de\/?page_id=3","title":{"rendered":"Datenschutzerkl\u00e4rung"},"content":{"rendered":"\t\t<div data-elementor-type=\"wp-page\" data-elementor-id=\"3\" class=\"elementor elementor-3\" data-elementor-settings=\"[]\">\n\t\t\t\t\t\t\t<div class=\"elementor-section-wrap\">\n\t\t\t\t\t\t\t<section class=\"elementor-section elementor-top-section elementor-element elementor-element-5dc6a282 elementor-section-boxed elementor-section-height-default elementor-section-height-default\" data-id=\"5dc6a282\" data-element_type=\"section\">\n\t\t\t\t\t\t<div class=\"elementor-container elementor-column-gap-default\">\n\t\t\t\t\t<div class=\"elementor-column elementor-col-100 elementor-top-column elementor-element elementor-element-1e471723\" data-id=\"1e471723\" data-element_type=\"column\">\n\t\t\t<div class=\"elementor-widget-wrap elementor-element-populated\">\n\t\t\t\t\t\t\t\t<div class=\"elementor-element elementor-element-3d8ca0b6 elementor-widget elementor-widget-text-editor\" data-id=\"3d8ca0b6\" data-element_type=\"widget\" data-widget_type=\"text-editor.default\">\n\t\t\t\t<div class=\"elementor-widget-container\">\n\t\t\t\t\t\t\t<p>Der Schutz Ihrer Privatsph\u00e4re beim Besuch unseres Internet-Angebots ist uns ein wichtiges Anliegen und von entscheidender Bedeutung f\u00fcr die Zukunft der Gesch\u00e4ftsabwicklung im Internet. Personenbezogene Daten werden auf unserer Webseite nur im technisch-organisatorisch notwendigen Umfang erhoben.<br \/>Die nachfolgende Erkl\u00e4rung gibt Ihnen einen \u00dcberblick dar\u00fcber, wie wir diesen Schutz gew\u00e4hrleisten, welche Informationen wir w\u00e4hrend Ihres Besuchs auf unserer Website erfassen und welche Teile dieser Informationen gegebenenfalls zu welchem Zweck genutzt werden.<\/p><p>Einwilligung<br \/>Mit der Nutzung unserer Website stimmen Sie der unter dieser Erkl\u00e4rung beschriebenen Erhebung, Speicherung und Nutzung Ihrer Daten zu. \u00c4nderungen an dieser Datenschutzerkl\u00e4rung k\u00f6nnen sich z.B. durch die Weiterentwicklung unserer Angebote oder der Nutzung neuer Technologien ergeben.<\/p><p>Datenverarbeitung<br \/>Bei jedem Zugriff auf eine Seite aus dem Internetangebot von Schlagfertig Nord und bei jedem Abruf einer Datei werden vorgangsbezogene Zugriffsdaten in einer Protokolldatei auf unserem Server gespeichert.<\/p><p>Erfasst werden f\u00fcr einen begrenzten Zeitraum:<\/p><p>&#8211; die Seite, von der aus die Datei angefordert wurde<br \/>&#8211; der Name der Datei<br \/>&#8211; Datum und Uhrzeit der Anforderung<br \/>&#8211; die \u00fcbertragene Datenmenge<br \/>&#8211; Zugriffsstatus (Datei \u00fcbertragen, Datei nicht gefunden etc.)<br \/>&#8211; Eine Beschreibung des Typs des verwendeten Webbrowsers<br \/>&#8211; Verwendetes Betriebssystem<br \/>&#8211; IP-Adresse des zugreifenden Host-\/Clientsystems<\/p><p>Diese gespeicherten Daten k\u00f6nnen zu statistischen Zwecken, zur Verbesserung unserer Services und Produkte ausgewertet werden. Die Daten werden nicht auf Sie zur\u00fcckf\u00fchrbar ausgewertet, es sei denn, es handelt sich um schwerwiegende Verst\u00f6\u00dfe wie z.B. unzul\u00e4ssige Zugriffe bzw. Zugriffsversuche und\/oder Attacken auf unsere IT-Infrastruktur.<br \/>Verwendung und Zweckbindung<\/p><p>Sollten Sie auf unserer Website um die Angabe pers\u00f6nlicher Informationen gebeten werden, sind diese Angaben freiwillig und dienen der Pflege der Interessenten- bzw. Kundenbeziehung. Die Informationen werden entsprechend den gesetzlichen Bestimmungen behandelt, insbesondere zu den Zwecken f\u00fcr die Sie uns diese Informationen freiwillig zur Verf\u00fcgung gestellt haben verwendet.<\/p><p>Es handelt sich im Wesentlichen um folgende Zwecke:<br \/>&#8211; Zugang zu bestimmten Informationen und Services<br \/>&#8211; Anmeldung zu Veranstaltungen<br \/>&#8211; Anfragen zu Terminvereinbarungen\/Terminbest\u00e4tigungen<br \/>&#8211; Zusenden von angefordertem Informationsmaterial<br \/>&#8211; Download z.B. von Bildmaterial, Brosch\u00fcren, Templates, Plugins usw.<\/p><p>Die uns freiwillig \u00fcbermittelten Angaben speichern wir auf besonders gesch\u00fctzten Servern in Deutschland. Der Zugriff darauf ist nur Schlagfertig Nord m\u00f6glich.<br \/>Bei dem Versenden einer E-Mail an Schlagfertig Nord k\u00f6nnen, je nach Einstellung Ihres E-Mail-Programms, automatisch personenbezogene Daten \u00fcbermittelt werden.<\/p><p>Vertraulichkeit und Sicherheit<br \/>Wir werden Ihre Daten vertraulich behandeln und nicht an Dritte au\u00dferhalb der Schlagfertig Nord weitergeben, es sei denn, eine Weitergabe ist durch geltende Rechtsvorschriften oder Gerichtsentscheidungen angezeigt und legitimiert oder wird im Falle von Angriffen auf die IT-Infrastruktur von Schlagfertig Nord zur Rechts- und\/oder Strafverfolgung erforderlich. In keinem Fall werden die erhobenen Daten verkauft. Unsere Mitarbeiter sind von uns zur Verschwiegenheit und auf das Datengeheimnis verpflichtet.<br \/>Schlagfertig Nord setzt technische und organisatorische Sicherheitsma\u00dfnahmen ein, um Ihre uns zur Verf\u00fcgung gestellten Daten gegen zuf\u00e4llige oder vors\u00e4tzliche Manipulationen, Verlust, Zerst\u00f6rung oder den Zugriff unberechtigter Personen zu sch\u00fctzen. Unsere Sicherheitsma\u00dfnahmen werden entsprechend der technologischen Entwicklung laufend verbessert.<\/p><p>Cookies<br \/>Cookies sind kleine Textdateien, die zusammen mit den eigentlich angeforderten Daten aus dem Internet an Ihren Computer \u00fcbermittelt werden.<br \/>Wir setzen w\u00e4hrend einer Sitzung zur Verifizierung Cookies ein. Die von uns verwendeten Cookies sind so genannte \u201cSession-Cookies\u201d. Sie werden nach Ende Ihres Besuchs automatisch gel\u00f6scht. Cookies richten auf Ihrem Rechner keinen Schaden an und enthalten keine Viren.\u00a0Auch auf verlinkten Seiten k\u00f6nnen m\u00f6glicherweise Cookies zum Einsatz kommen, ohne dass wir Sie vorher darauf hinweisen k\u00f6nnen. Die meisten Browser sind so eingestellt, dass sie Cookies automatisch akzeptieren. Sie k\u00f6nnen das Speichern von Cookies jedoch deaktivieren oder Ihren Browser so einstellen, dass er Sie benachrichtigt, sobald Cookies gesetzt werden.<\/p><p>Links zu anderen Websites<br \/>Schlagfertig Nord ist als Anbieter dieses Internet-Auftritts f\u00fcr eigene Inhalte nach den allgemeinen Gesetzen verantwortlich. Von den eigenen Inhalten sind \u201cLinks\u201d auf die von anderen Anbietern bereitgehaltenen Inhalte zu unterscheiden. F\u00fcr fremde Inhalte, die \u00fcber Links bereitgestellt werden, \u00fcbernimmt Schlagfertig Nord keine Verantwortung oder Haftung und macht sich deren Inhalt nicht zu Eigen. Schlagfertig Nord hat keinen Einfluss darauf, ob und wie diese Anbieter die Datenschutzbestimmungen einhalten.<\/p><p>Erg\u00e4nzender Hinweis<br \/>Die Nutzung der im Rahmen des Impressums oder vergleichbarer Angaben ver\u00f6ffentlichten Kontaktdaten wie Postanschriften, Telefon- und Faxnummern sowie Emailadressen durch Dritte zur \u00dcbersendung von nicht ausdr\u00fccklich angeforderten Informationen ist nicht gestattet. Rechtliche Schritte gegen die Versender von sogenannten Spam-Mails bei Verst\u00f6\u00dfen gegen dieses Verbot sind ausdr\u00fccklich vorbehalten.<\/p><p>Arten der verarbeiteten Daten:<\/p><p>&#8211; Bestandsdaten (z.B., Namen, Adressen).<br \/>&#8211; Kontaktdaten (z.B., E-Mail, Telefonnummern).<br \/>&#8211; Inhaltsdaten (z.B., Texteingaben, Fotografien, Videos).<br \/>&#8211; Nutzungsdaten (z.B., besuchte Webseiten, Interesse an Inhalten, Zugriffszeiten).<br \/>&#8211; Meta-\/Kommunikationsdaten (z.B., Ger\u00e4te-Informationen, IP-Adressen).<br \/>Kategorien betroffener Personen<\/p><p>Besucher und Nutzer des Onlineangebotes (Nachfolgend bezeichnen wir die betroffenen Personen zusammenfassend auch als \u201eNutzer\u201c).<br \/>Zweck der Verarbeitung<\/p><p>&#8211; Zurverf\u00fcgungstellung des Onlineangebotes, seiner Funktionen und Inhalte.<br \/>&#8211; Beantwortung von Kontaktanfragen und Kommunikation mit Nutzern.<br \/>&#8211; Sicherheitsma\u00dfnahmen.<br \/>&#8211; Reichweitenmessung\/Marketing<\/p><p>Verwendete Begrifflichkeiten<\/p><p>\u201ePersonenbezogene Daten\u201c sind alle Informationen, die sich auf eine identifizierte oder identifizierbare nat\u00fcrliche Person (im Folgenden \u201ebetroffene Person\u201c) beziehen; als identifizierbar wird eine nat\u00fcrliche Person angesehen, die direkt oder indirekt, insbesondere mittels Zuordnung zu einer Kennung wie einem Namen, zu einer Kennnummer, zu Standortdaten, zu einer Online-Kennung (z.B. Cookie) oder zu einem oder mehreren besonderen Merkmalen identifiziert werden kann, die Ausdruck der physischen, physiologischen, genetischen, psychischen, wirtschaftlichen, kulturellen oder sozialen Identit\u00e4t dieser nat\u00fcrlichen Person sind.<\/p><p>\u201eVerarbeitung\u201c ist jeder mit oder ohne Hilfe automatisierter Verfahren ausgef\u00fchrte Vorgang oder jede solche Vorgangsreihe im Zusammenhang mit personenbezogenen Daten. Der Begriff reicht weit und umfasst praktisch jeden Umgang mit Daten.<\/p><p>\u201ePseudonymisierung\u201c die Verarbeitung personenbezogener Daten in einer Weise, dass die personenbezogenen Daten ohne Hinzuziehung zus\u00e4tzlicher Informationen nicht mehr einer spezifischen betroffenen Person zugeordnet werden k\u00f6nnen, sofern diese zus\u00e4tzlichen Informationen gesondert aufbewahrt werden und technischen und organisatorischen Ma\u00dfnahmen unterliegen, die gew\u00e4hrleisten, dass die personenbezogenen Daten nicht einer identifizierten oder identifizierbaren nat\u00fcrlichen Person zugewiesen werden.<\/p><p>\u201eProfiling\u201c jede Art der automatisierten Verarbeitung personenbezogener Daten, die darin besteht, dass diese personenbezogenen Daten verwendet werden, um bestimmte pers\u00f6nliche Aspekte, die sich auf eine nat\u00fcrliche Person beziehen, zu bewerten, insbesondere um Aspekte bez\u00fcglich Arbeitsleistung, wirtschaftliche Lage, Gesundheit, pers\u00f6nliche Vorlieben, Interessen, Zuverl\u00e4ssigkeit, Verhalten, Aufenthaltsort oder Ortswechsel dieser nat\u00fcrlichen Person zu analysieren oder vorherzusagen.<\/p><p>Als \u201eVerantwortlicher\u201c wird die nat\u00fcrliche oder juristische Person, Beh\u00f6rde, Einrichtung oder andere Stelle, die allein oder gemeinsam mit anderen \u00fcber die Zwecke und Mittel der Verarbeitung von personenbezogenen Daten entscheidet, bezeichnet.<\/p><p>\u201eAuftragsverarbeiter\u201c eine nat\u00fcrliche oder juristische Person, Beh\u00f6rde, Einrichtung oder andere Stelle, die personenbezogene Daten im Auftrag des Verantwortlichen verarbeitet.<br \/>Ma\u00dfgebliche Rechtsgrundlagen<\/p><p>Nach Ma\u00dfgabe des Art. 13 DSGVO teilen wir Ihnen die Rechtsgrundlagen unserer Datenverarbeitungen mit. Sofern die Rechtsgrundlage in der Datenschutzerkl\u00e4rung nicht genannt wird, gilt Folgendes: Die Rechtsgrundlage f\u00fcr die Einholung von Einwilligungen ist Art. 6 Abs. 1 lit. a und Art. 7 DSGVO, die Rechtsgrundlage f\u00fcr die Verarbeitung zur Erf\u00fcllung unserer Leistungen und Durchf\u00fchrung vertraglicher Ma\u00dfnahmen sowie Beantwortung von Anfragen ist Art. 6 Abs. 1 lit. b DSGVO, die Rechtsgrundlage f\u00fcr die Verarbeitung zur Erf\u00fcllung unserer rechtlichen Verpflichtungen ist Art. 6 Abs. 1 lit. c DSGVO, und die Rechtsgrundlage f\u00fcr die Verarbeitung zur Wahrung unserer berechtigten Interessen ist Art. 6 Abs. 1 lit. f DSGVO. F\u00fcr den Fall, dass lebenswichtige Interessen der betroffenen Person oder einer anderen nat\u00fcrlichen Person eine Verarbeitung personenbezogener Daten erforderlich machen, dient Art. 6 Abs. 1 lit. d DSGVO als Rechtsgrundlage.<\/p><p>Sicherheitsma\u00dfnahmen<\/p><p>Wir treffen nach Ma\u00dfgabe des Art. 32 DSGVO unter Ber\u00fccksichtigung des Stands der Technik, der Implementierungskosten und der Art, des Umfangs, der Umst\u00e4nde und der Zwecke der Verarbeitung sowie der unterschiedlichen Eintrittswahrscheinlichkeit und Schwere des Risikos f\u00fcr die Rechte und Freiheiten nat\u00fcrlicher Personen, geeignete technische und organisatorische Ma\u00dfnahmen, um ein dem Risiko angemessenes Schutzniveau zu gew\u00e4hrleisten.<\/p><p>Zu den Ma\u00dfnahmen geh\u00f6ren insbesondere die Sicherung der Vertraulichkeit, Integrit\u00e4t und Verf\u00fcgbarkeit von Daten durch Kontrolle des physischen Zugangs zu den Daten, als auch des sie betreffenden Zugriffs, der Eingabe, Weitergabe, der Sicherung der Verf\u00fcgbarkeit und ihrer Trennung. Des Weiteren haben wir Verfahren eingerichtet, die eine Wahrnehmung von Betroffenenrechten, L\u00f6schung von Daten und Reaktion auf Gef\u00e4hrdung der Daten gew\u00e4hrleisten. Ferner ber\u00fccksichtigen wir den Schutz personenbezogener Daten bereits bei der Entwicklung, bzw. Auswahl von Hardware, Software sowie Verfahren, entsprechend dem Prinzip des Datenschutzes durch Technikgestaltung und durch datenschutzfreundliche Voreinstellungen (Art. 25 DSGVO).<br \/>Zusammenarbeit mit Auftragsverarbeitern und Dritten<\/p><p>Sofern wir im Rahmen unserer Verarbeitung Daten gegen\u00fcber anderen Personen und Unternehmen (Auftragsverarbeitern oder Dritten) offenbaren, sie an diese \u00fcbermitteln oder ihnen sonst Zugriff auf die Daten gew\u00e4hren, erfolgt dies nur auf Grundlage einer gesetzlichen Erlaubnis (z.B. wenn eine \u00dcbermittlung der Daten an Dritte, wie an Zahlungsdienstleister, gem. Art. 6 Abs. 1 lit. b DSGVO zur Vertragserf\u00fcllung erforderlich ist), Sie eingewilligt haben, eine rechtliche Verpflichtung dies vorsieht oder auf Grundlage unserer berechtigten Interessen (z.B. beim Einsatz von Beauftragten, Webhostern, etc.).\u00a0<\/p><p>Sofern wir Dritte mit der Verarbeitung von Daten auf Grundlage eines sog. \u201eAuftragsverarbeitungsvertrages\u201c beauftragen, geschieht dies auf Grundlage des Art. 28 DSGVO.<\/p><p>\u00dcbermittlungen in Drittl\u00e4nder<\/p><p>Sofern wir Daten in einem Drittland (d.h. au\u00dferhalb der Europ\u00e4ischen Union (EU) oder des Europ\u00e4ischen Wirtschaftsraums (EWR)) verarbeiten oder dies im Rahmen der Inanspruchnahme von Diensten Dritter oder Offenlegung, bzw. \u00dcbermittlung von Daten an Dritte geschieht, erfolgt dies nur, wenn es zur Erf\u00fcllung unserer (vor)vertraglichen Pflichten, auf Grundlage Ihrer Einwilligung, aufgrund einer rechtlichen Verpflichtung oder auf Grundlage unserer berechtigten Interessen geschieht. Vorbehaltlich gesetzlicher oder vertraglicher Erlaubnisse, verarbeiten oder lassen wir die Daten in einem Drittland nur beim Vorliegen der besonderen Voraussetzungen der Art. 44 ff. DSGVO verarbeiten. D.h. die Verarbeitung erfolgt z.B. auf Grundlage besonderer Garantien, wie der offiziell anerkannten Feststellung eines der EU entsprechenden Datenschutzniveaus (z.B. f\u00fcr die USA durch das \u201ePrivacy Shield\u201c) oder Beachtung offiziell anerkannter spezieller vertraglicher Verpflichtungen (so genannte \u201eStandardvertragsklauseln\u201c).<\/p><p>Rechte der betroffenen Personen<\/p><p>Sie haben das Recht, eine Best\u00e4tigung dar\u00fcber zu verlangen, ob betreffende Daten verarbeitet werden und auf Auskunft \u00fcber diese Daten sowie auf weitere Informationen und Kopie der Daten entsprechend Art. 15 DSGVO.<\/p><p>Sie haben entsprechend. Art. 16 DSGVO das Recht, die Vervollst\u00e4ndigung der Sie betreffenden Daten oder die Berichtigung der Sie betreffenden unrichtigen Daten zu verlangen.<\/p><p>Sie haben nach Ma\u00dfgabe des Art. 17 DSGVO das Recht zu verlangen, dass betreffende Daten unverz\u00fcglich gel\u00f6scht werden, bzw. alternativ nach Ma\u00dfgabe des Art. 18 DSGVO eine Einschr\u00e4nkung der Verarbeitung der Daten zu verlangen.<\/p><p>Sie haben das Recht zu verlangen, dass die Sie betreffenden Daten, die Sie uns bereitgestellt haben nach Ma\u00dfgabe des Art. 20 DSGVO zu erhalten und deren \u00dcbermittlung an andere Verantwortliche zu fordern.\u00a0<\/p><p>Sie haben ferner gem. Art. 77 DSGVO das Recht, eine Beschwerde bei der zust\u00e4ndigen Aufsichtsbeh\u00f6rde einzureichen.<\/p><p>Widerrufsrecht<\/p><p>Sie haben das Recht, erteilte Einwilligungen gem. Art. 7 Abs. 3 DSGVO mit Wirkung f\u00fcr die Zukunft zu widerrufen<\/p><p>Widerspruchsrecht<\/p><p>Sie k\u00f6nnen der k\u00fcnftigen Verarbeitung der Sie betreffenden Daten nach Ma\u00dfgabe des Art. 21 DSGVO jederzeit widersprechen. Der Widerspruch kann insbesondere gegen die Verarbeitung f\u00fcr Zwecke der Direktwerbung erfolgen.<\/p><p>Cookies und Widerspruchsrecht bei Direktwerbung<\/p><p>Als \u201eCookies\u201c werden kleine Dateien bezeichnet, die auf Rechnern der Nutzer gespeichert werden. Innerhalb der Cookies k\u00f6nnen unterschiedliche Angaben gespeichert werden. Ein Cookie dient prim\u00e4r dazu, die Angaben zu einem Nutzer (bzw. dem Ger\u00e4t auf dem das Cookie gespeichert ist) w\u00e4hrend oder auch nach seinem Besuch innerhalb eines Onlineangebotes zu speichern. Als tempor\u00e4re Cookies, bzw. \u201eSession-Cookies\u201c oder \u201etransiente Cookies\u201c, werden Cookies bezeichnet, die gel\u00f6scht werden, nachdem ein Nutzer ein Onlineangebot verl\u00e4sst und seinen Browser schlie\u00dft. In einem solchen Cookie kann z.B. der Inhalt eines Warenkorbs in einem Onlineshop oder ein Login-Status gespeichert werden. Als \u201epermanent\u201c oder \u201epersistent\u201c werden Cookies bezeichnet, die auch nach dem Schlie\u00dfen des Browsers gespeichert bleiben. So kann z.B. der Login-Status gespeichert werden, wenn die Nutzer diese nach mehreren Tagen aufsuchen. Ebenso k\u00f6nnen in einem solchen Cookie die Interessen der Nutzer gespeichert werden, die f\u00fcr Reichweitenmessung oder Marketingzwecke verwendet werden. Als \u201eThird-Party-Cookie\u201c werden Cookies bezeichnet, die von anderen Anbietern als dem Verantwortlichen, der das Onlineangebot betreibt, angeboten werden (andernfalls, wenn es nur dessen Cookies sind spricht man von \u201eFirst-Party Cookies\u201c).<\/p><p>Wir k\u00f6nnen tempor\u00e4re und permanente Cookies einsetzen und kl\u00e4ren hier\u00fcber im Rahmen unserer Datenschutzerkl\u00e4rung auf.<\/p><p>Falls die Nutzer nicht m\u00f6chten, dass Cookies auf ihrem Rechner gespeichert werden, werden sie gebeten die entsprechende Option in den Systemeinstellungen ihres Browsers zu deaktivieren. Gespeicherte Cookies k\u00f6nnen in den Systemeinstellungen des Browsers gel\u00f6scht werden. Der Ausschluss von Cookies kann zu Funktionseinschr\u00e4nkungen dieses Onlineangebotes f\u00fchren.<\/p><p>Ein genereller Widerspruch gegen den Einsatz der zu Zwecken des Onlinemarketing eingesetzten Cookies kann bei einer Vielzahl der Dienste, vor allem im Fall des Trackings, \u00fcber die US-amerikanische Seite http:\/\/www.aboutads.info\/choices\/ oder die EU-Seite http:\/\/www.youronlinechoices.com\/ erkl\u00e4rt werden. Des Weiteren kann die Speicherung von Cookies mittels deren Abschaltung in den Einstellungen des Browsers erreicht werden. Bitte beachten Sie, dass dann gegebenenfalls nicht alle Funktionen dieses Onlineangebotes genutzt werden k\u00f6nnen.<\/p><p>L\u00f6schung von Daten<\/p><p>Die von uns verarbeiteten Daten werden nach Ma\u00dfgabe der Art. 17 und 18 DSGVO gel\u00f6scht oder in ihrer Verarbeitung eingeschr\u00e4nkt. Sofern nicht im Rahmen dieser Datenschutzerkl\u00e4rung ausdr\u00fccklich angegeben, werden die bei uns gespeicherten Daten gel\u00f6scht, sobald sie f\u00fcr ihre Zweckbestimmung nicht mehr erforderlich sind und der L\u00f6schung keine gesetzlichen Aufbewahrungspflichten entgegenstehen. Sofern die Daten nicht gel\u00f6scht werden, weil sie f\u00fcr andere und gesetzlich zul\u00e4ssige Zwecke erforderlich sind, wird deren Verarbeitung eingeschr\u00e4nkt. D.h. die Daten werden gesperrt und nicht f\u00fcr andere Zwecke verarbeitet. Das gilt z.B. f\u00fcr Daten, die aus handels- oder steuerrechtlichen Gr\u00fcnden aufbewahrt werden m\u00fcssen.<\/p><p>Nach gesetzlichen Vorgaben in Deutschland, erfolgt die Aufbewahrung insbesondere f\u00fcr 10 Jahre gem\u00e4\u00df \u00a7\u00a7 147 Abs. 1 AO, 257 Abs. 1 Nr. 1 und 4, Abs. 4 HGB (B\u00fccher, Aufzeichnungen, Lageberichte, Buchungsbelege, Handelsb\u00fccher, f\u00fcr Besteuerung relevanter Unterlagen, etc.) und 6 Jahre gem\u00e4\u00df \u00a7 257 Abs. 1 Nr. 2 und 3, Abs. 4 HGB (Handelsbriefe).\u00a0<\/p><p>Nach gesetzlichen Vorgaben in \u00d6sterreich erfolgt die Aufbewahrung insbesondere f\u00fcr 7 J gem\u00e4\u00df \u00a7 132 Abs. 1 BAO (Buchhaltungsunterlagen, Belege\/Rechnungen, Konten, Belege, Gesch\u00e4ftspapiere, Aufstellung der Einnahmen und Ausgaben, etc.), f\u00fcr 22 Jahre im Zusammenhang mit Grundst\u00fccken und f\u00fcr 10 Jahre bei Unterlagen im Zusammenhang mit elektronisch erbrachten Leistungen, Telekommunikations-, Rundfunk- und Fernsehleistungen, die an Nichtunternehmer in EU-Mitgliedstaaten erbracht werden und f\u00fcr die der Mini-One-Stop-Shop (MOSS) in Anspruch genommen wird.<\/p><p>Kontaktaufnahme<\/p><p>Bei der Kontaktaufnahme mit uns (z.B. per Kontaktformular, E-Mail, Telefon oder via sozialer Medien) werden die Angaben des Nutzers zur Bearbeitung der Kontaktanfrage und deren Abwicklung gem. Art. 6 Abs. 1 lit. b. (im Rahmen vertraglicher-\/vorvertraglicher Beziehungen), Art. 6 Abs. 1 lit. f. (andere Anfragen) DSGVO verarbeitet.. Die Angaben der Nutzer k\u00f6nnen in einem Customer-Relationship-Management System (&#8220;CRM System&#8221;) oder vergleichbarer Anfragen organisation gespeichert werden.<\/p><p>Wir l\u00f6schen die Anfragen, sofern diese nicht mehr erforderlich sind. Wir \u00fcberpr\u00fcfen die Erforderlichkeit alle zwei Jahre; Ferner gelten die gesetzlichen Archivierungspflichten.<\/p><p>Schlagfertig GbR<br \/>Adlerstra\u00dfe 13 | 23812 Wahlstedt<br \/>Telefon 04554 \/ 705579<br \/>Telefax 04191 \/ 910307<br \/>Ansprechpartner:<br \/>Hauke Schmalz<br \/>Mobil: 0179 \/ 2 35 99 90<br \/>E-Mail: hauke.schmalz@schlagfertig-nord.de<\/p>\t\t\t\t\t\t<\/div>\n\t\t\t\t<\/div>\n\t\t\t\t\t<\/div>\n\t\t<\/div>\n\t\t\t\t\t\t\t<\/div>\n\t\t<\/section>\n\t\t\t\t\t\t<\/div>\n\t\t\t\t\t<\/div>\n\t\t","protected":false},"excerpt":{"rendered":"<p>Der Schutz Ihrer Privatsph\u00e4re beim Besuch unseres Internet-Angebots ist uns ein wichtiges Anliegen und von entscheidender Bedeutung f\u00fcr die Zukunft der Gesch\u00e4ftsabwicklung im Internet. Personenbezogene Daten werden auf unserer Webseite nur im technisch-organisatorisch notwendigen Umfang erhoben.Die nachfolgende Erkl\u00e4rung gibt Ihnen einen \u00dcberblick dar\u00fcber, wie wir diesen Schutz gew\u00e4hrleisten, welche Informationen wir w\u00e4hrend Ihres Besuchs auf&hellip;<\/p>\n","protected":false},"author":1,"featured_media":0,"parent":0,"menu_order":0,"comment_status":"closed","ping_status":"open","template":"","meta":{"footnotes":""},"class_list":["post-3","page","type-page","status-publish","hentry"],"_links":{"self":[{"href":"https:\/\/schlagfertig-nord.de\/index.php?rest_route=\/wp\/v2\/pages\/3","targetHints":{"allow":["GET"]}}],"collection":[{"href":"https:\/\/schlagfertig-nord.de\/index.php?rest_route=\/wp\/v2\/pages"}],"about":[{"href":"https:\/\/schlagfertig-nord.de\/index.php?rest_route=\/wp\/v2\/types\/page"}],"author":[{"embeddable":true,"href":"https:\/\/schlagfertig-nord.de\/index.php?rest_route=\/wp\/v2\/users\/1"}],"replies":[{"embeddable":true,"href":"https:\/\/schlagfertig-nord.de\/index.php?rest_route=%2Fwp%2Fv2%2Fcomments&post=3"}],"version-history":[{"count":7,"href":"https:\/\/schlagfertig-nord.de\/index.php?rest_route=\/wp\/v2\/pages\/3\/revisions"}],"predecessor-version":[{"id":453,"href":"https:\/\/schlagfertig-nord.de\/index.php?rest_route=\/wp\/v2\/pages\/3\/revisions\/453"}],"wp:attachment":[{"href":"https:\/\/schlagfertig-nord.de\/index.php?rest_route=%2Fwp%2Fv2%2Fmedia&parent=3"}],"curies":[{"name":"wp","href":"https:\/\/api.w.org\/{rel}","templated":true}]}}